{"id":163,"date":"2023-01-21T22:53:14","date_gmt":"2023-01-21T22:53:14","guid":{"rendered":"https:\/\/treesurgeon.wordifysites.com\/?page_id=163"},"modified":"2025-03-15T01:39:44","modified_gmt":"2025-03-15T00:39:44","slug":"contact","status":"publish","type":"page","link":"https:\/\/ravelougazabogados.com\/index.php\/contact\/","title":{"rendered":"Contactenos"},"content":{"rendered":"<section class=\"gb-container gb-container-59128a37\">\n<div class=\"gb-container gb-container-2a36c822\">\n\n<h2 class=\"gb-headline gb-headline-6907d725 gb-headline-text\">Env\u00edenos sus inquietudes<\/h2>\n\n\n\n<h4 class=\"wp-block-heading has-contrast-3-color has-text-color has-link-color wp-elements-490450efa5e2653304094500142fe218\">\u00bfNecesitas claridad legal y soluciones efectivas? Obt\u00e9n asesor\u00eda experta y protege tus intereses hoy. \u00a1Tu tranquilidad es nuestra prioridad!<\/h4>\n\n\n<div class=\"gb-container gb-container-5b4ac1a6\">\n\n<div class=\"wp-block-contact-form-7-contact-form-selector\">\n<div class=\"wpcf7 no-js\" id=\"wpcf7-f5555-o1\" lang=\"es-ES\" dir=\"ltr\" data-wpcf7-id=\"5555\">\n<div class=\"screen-reader-response\"><p role=\"status\" aria-live=\"polite\" aria-atomic=\"true\"><\/p> <ul><\/ul><\/div>\n<form action=\"\/index.php\/wp-json\/wp\/v2\/pages\/163#wpcf7-f5555-o1\" method=\"post\" class=\"wpcf7-form init\" aria-label=\"Formulario de contacto\" novalidate=\"novalidate\" data-status=\"init\">\n<div style=\"display: none;\">\n<input type=\"hidden\" name=\"_wpcf7\" value=\"5555\" \/>\n<input type=\"hidden\" name=\"_wpcf7_version\" value=\"6.0.5\" \/>\n<input type=\"hidden\" name=\"_wpcf7_locale\" value=\"es_ES\" \/>\n<input type=\"hidden\" name=\"_wpcf7_unit_tag\" value=\"wpcf7-f5555-o1\" \/>\n<input type=\"hidden\" name=\"_wpcf7_container_post\" value=\"0\" \/>\n<input type=\"hidden\" name=\"_wpcf7_posted_data_hash\" value=\"\" \/>\n<\/div>\n<p><label> <span class=\"wpcf7-form-control-wrap\" data-name=\"your-name\"><input size=\"40\" maxlength=\"400\" class=\"wpcf7-form-control wpcf7-text wpcf7-validates-as-required\" autocomplete=\"name\" aria-required=\"true\" aria-invalid=\"false\" placeholder=\"Nombres\" value=\"\" type=\"text\" name=\"your-name\" \/><\/span> <\/label><br \/>\n<label> <span class=\"wpcf7-form-control-wrap\" data-name=\"your-email\"><input size=\"40\" maxlength=\"400\" class=\"wpcf7-form-control wpcf7-email wpcf7-validates-as-required wpcf7-text wpcf7-validates-as-email\" autocomplete=\"email\" aria-required=\"true\" aria-invalid=\"false\" placeholder=\"Email\" value=\"\" type=\"email\" name=\"your-email\" \/><\/span> <\/label><br \/>\n<label> <span class=\"wpcf7-form-control-wrap\" data-name=\"tel\"><input size=\"40\" maxlength=\"400\" class=\"wpcf7-form-control wpcf7-text wpcf7-validates-as-required\" aria-required=\"true\" aria-invalid=\"false\" placeholder=\"Telefono\" value=\"\" type=\"text\" name=\"tel\" \/><\/span> <\/label><br \/>\n<label> <span class=\"wpcf7-form-control-wrap\" data-name=\"your-message\"><textarea cols=\"40\" rows=\"10\" maxlength=\"2000\" class=\"wpcf7-form-control wpcf7-textarea\" aria-invalid=\"false\" placeholder=\"Comentenos\" name=\"your-message\"><\/textarea><\/span> <\/label><br \/>\n<div class=\"cf7-cf-turnstile\" style=\"margin-top: 0px; margin-bottom: -15px;\"> <div id=\"cf-turnstile-cf7-1984614124\" class=\"cf-turnstile\" data-sitekey=\"0x4AAAAAABA6TQb9E8t-PfZX\" data-theme=\"auto\" data-language=\"auto\" data-size=\"normal\" data-retry=\"auto\" data-retry-interval=\"1000\" data-action=\"contact-form-7\" data-appearance=\"always\"><\/div> <script>document.addEventListener(\"DOMContentLoaded\", function() { setTimeout(function(){ var e=document.getElementById(\"cf-turnstile-cf7-1984614124\"); e&&!e.innerHTML.trim()&&(turnstile.remove(\"#cf-turnstile-cf7-1984614124\"), turnstile.render(\"#cf-turnstile-cf7-1984614124\", {sitekey:\"0x4AAAAAABA6TQb9E8t-PfZX\"})); }, 0); });<\/script> <br class=\"cf-turnstile-br cf-turnstile-br-cf7-1984614124\"> <style>#cf-turnstile-cf7-1984614124 { margin-left: -15px; }<\/style> <script>document.addEventListener(\"DOMContentLoaded\",function(){document.querySelectorAll('.wpcf7-form').forEach(function(e){e.addEventListener('submit',function(){if(document.getElementById('cf-turnstile-cf7-1984614124')){setTimeout(function(){turnstile.reset('#cf-turnstile-cf7-1984614124');},1000)}})})});<\/script> <\/div>\n<\/p>\n<p><input class=\"wpcf7-form-control wpcf7-submit has-spinner\" type=\"submit\" value=\"Enviar\" \/>\n<\/p><div class=\"wpcf7-response-output\" aria-hidden=\"true\"><\/div>\n<\/form>\n<\/div>\n<\/div>\n\n<\/div>\n<\/div>\n\n<div class=\"gb-container gb-container-3ad0dd62\">\n<div class=\"gb-container gb-container-98d407db\">\n\n<h3 class=\"gb-headline gb-headline-641c0722 gb-headline-text\">Ub\u00edquenos<\/h3>\n\n\n\n<p class=\"gb-headline gb-headline-dfc34795 gb-headline-text\">Ravelo Ugaz Abogados<\/p>\n\n\n\n<p class=\"gb-headline gb-headline-eb4ef500 gb-headline-text\">Sede San Isidro, Calle los Petirrojos 168 Urb Corpac, San Isidro<\/p>\n\n\n\n<p class=\"gb-headline gb-headline-c44cab6f gb-headline-text\">Tel\u00e9fono: <a href=\"tel: 0800 354 6778\"><\/a><a href=\"tel:51977748273\">51 977 748 273<\/a><\/p>\n\n\n\n<p class=\"gb-headline gb-headline-f784d25e gb-headline-text\">Email: <a href=\"mailto:asesoria@ravelouagazabogadoscom\"><\/a><a href=\"mailto:asesoria@ravelougazabogados.com\">asesoria@ravelougazabogados.com<\/a><\/p>\n\n<\/div>\n\n<div class=\"gb-container gb-container-979a73e3\">\n\n<h3 class=\"gb-headline gb-headline-4270ba4f gb-headline-text\">Horario de Atenci\u00f3n<\/h3>\n\n\n<div class=\"gb-container gb-container-3afbe1fd\">\n\n<p class=\"gb-headline gb-headline-c9e792f4 gb-headline-text\">Lunes<\/p>\n\n\n\n<p class=\"gb-headline gb-headline-f5f04483 gb-headline-text\">09:00 &#8211; 18:00<\/p>\n\n<\/div>\n\n<div class=\"gb-container gb-container-96995c8e\">\n\n<p class=\"gb-headline gb-headline-213d30b6 gb-headline-text\">Martes<\/p>\n\n\n\n<p class=\"gb-headline gb-headline-6c963cee gb-headline-text\">09:00 &#8211; 18:00<\/p>\n\n<\/div>\n\n<div class=\"gb-container gb-container-0701bc76\">\n\n<p class=\"gb-headline gb-headline-7952cce9 gb-headline-text\">Mi\u00e9rcoles<\/p>\n\n\n\n<p class=\"gb-headline gb-headline-c2bd6fe9 gb-headline-text\">09:00 &#8211; 18:00<\/p>\n\n<\/div>\n\n<div class=\"gb-container gb-container-19030fca\">\n\n<p class=\"gb-headline gb-headline-ca89f9a0 gb-headline-text\">Jueves<\/p>\n\n\n\n<p class=\"gb-headline gb-headline-c1d739e4 gb-headline-text\">09:00 &#8211; 18:00<\/p>\n\n<\/div>\n\n<div class=\"gb-container gb-container-1020cc21\">\n\n<p class=\"gb-headline gb-headline-87c5890e gb-headline-text\">Viernes<\/p>\n\n\n\n<p class=\"gb-headline gb-headline-969b20ce gb-headline-text\">09:00 &#8211; 18:00<\/p>\n\n<\/div>\n\n<div class=\"gb-container gb-container-3cd40d1a\">\n\n<p class=\"gb-headline gb-headline-9b3ff58c gb-headline-text\">S\u00e1bado<\/p>\n\n\n\n<p class=\"gb-headline gb-headline-1c223e37 gb-headline-text\">09:00 &#8211; 18:00<\/p>\n\n<\/div>\n\n<div class=\"gb-container gb-container-6b5d7a89\">\n\n<p class=\"gb-headline gb-headline-f7d34d62 gb-headline-text\">Domingo<\/p>\n\n\n\n<span class=\"gb-button gb-button-3411c3f5 gb-button-text\">Cerrado<\/span>\n\n<\/div>\n<\/div>\n<\/div>\n<\/section>\n\n<section class=\"gb-container gb-container-9424b461\">\n\n<figure class=\"gb-block-image gb-block-image-575e44df\"><img loading=\"lazy\" decoding=\"async\" width=\"2560\" height=\"1440\" class=\"gb-image gb-image-575e44df\" src=\"http:\/\/ravelougazabogados.com\/wp-content\/uploads\/2023\/03\/map-scaled-1.jpg\" alt=\"\" title=\"map\" srcset=\"https:\/\/ravelougazabogados.com\/wp-content\/uploads\/2023\/03\/map-scaled-1.jpg 2560w, https:\/\/ravelougazabogados.com\/wp-content\/uploads\/2023\/03\/map-scaled-1-300x169.jpg 300w, https:\/\/ravelougazabogados.com\/wp-content\/uploads\/2023\/03\/map-scaled-1-1024x576.jpg 1024w, https:\/\/ravelougazabogados.com\/wp-content\/uploads\/2023\/03\/map-scaled-1-768x432.jpg 768w, https:\/\/ravelougazabogados.com\/wp-content\/uploads\/2023\/03\/map-scaled-1-1536x864.jpg 1536w, https:\/\/ravelougazabogados.com\/wp-content\/uploads\/2023\/03\/map-scaled-1-2048x1152.jpg 2048w\" sizes=\"auto, (max-width: 2560px) 100vw, 2560px\" \/><\/figure>\n\n<\/section>","protected":false},"excerpt":{"rendered":"<p>Env\u00edenos sus inquietudes \u00bfNecesitas claridad legal y soluciones efectivas? Obt\u00e9n asesor\u00eda experta y protege tus intereses hoy. \u00a1Tu tranquilidad es nuestra prioridad! Ub\u00edquenos Ravelo Ugaz Abogados Sede San Isidro, Calle los Petirrojos 168 Urb Corpac, San Isidro Tel\u00e9fono: 51 977 748 273 Email: asesoria@ravelougazabogados.com Horario de Atenci\u00f3n Lunes 09:00 &#8211; 18:00 Martes 09:00 &#8211; 18:00 &#8230; <a title=\"Contactenos\" class=\"read-more\" href=\"https:\/\/ravelougazabogados.com\/index.php\/contact\/\" aria-label=\"Leer m\u00e1s sobre Contactenos\">Leer m\u00e1s<\/a><\/p>\n","protected":false},"author":1,"featured_media":0,"parent":0,"menu_order":0,"comment_status":"closed","ping_status":"closed","template":"","meta":{"footnotes":""},"class_list":["post-163","page","type-page","status-publish"],"_links":{"self":[{"href":"https:\/\/ravelougazabogados.com\/index.php\/wp-json\/wp\/v2\/pages\/163","targetHints":{"allow":["GET"]}}],"collection":[{"href":"https:\/\/ravelougazabogados.com\/index.php\/wp-json\/wp\/v2\/pages"}],"about":[{"href":"https:\/\/ravelougazabogados.com\/index.php\/wp-json\/wp\/v2\/types\/page"}],"author":[{"embeddable":true,"href":"https:\/\/ravelougazabogados.com\/index.php\/wp-json\/wp\/v2\/users\/1"}],"replies":[{"embeddable":true,"href":"https:\/\/ravelougazabogados.com\/index.php\/wp-json\/wp\/v2\/comments?post=163"}],"version-history":[{"count":9,"href":"https:\/\/ravelougazabogados.com\/index.php\/wp-json\/wp\/v2\/pages\/163\/revisions"}],"predecessor-version":[{"id":5581,"href":"https:\/\/ravelougazabogados.com\/index.php\/wp-json\/wp\/v2\/pages\/163\/revisions\/5581"}],"wp:attachment":[{"href":"https:\/\/ravelougazabogados.com\/index.php\/wp-json\/wp\/v2\/media?parent=163"}],"curies":[{"name":"wp","href":"https:\/\/api.w.org\/{rel}","templated":true}]}}